{"id":2755,"date":"2025-02-11T17:38:59","date_gmt":"2025-02-11T16:38:59","guid":{"rendered":"https:\/\/popup.es-factory.eu\/politica-de-cookies\/"},"modified":"2026-03-23T18:08:51","modified_gmt":"2026-03-23T17:08:51","slug":"politica-de-cookies","status":"publish","type":"page","link":"https:\/\/popup.es-factory.eu\/pt-pt\/politica-de-cookies\/","title":{"rendered":"Pol\u00edtica de Cookies"},"content":{"rendered":"\t\t<div data-elementor-type=\"wp-page\" data-elementor-id=\"2755\" class=\"elementor elementor-2755 elementor-2329\" data-elementor-post-type=\"page\">\n\t\t\t\t<div class=\"elementor-element elementor-element-e4a4c80 e-con-full e-flex e-con e-parent\" data-id=\"e4a4c80\" data-element_type=\"container\" data-e-type=\"container\" data-settings=\"{&quot;background_background&quot;:&quot;classic&quot;}\">\n\t\t\t\t<div class=\"elementor-element elementor-element-ae4dfb1 elementor-widget__width-auto elementor-widget elementor-widget-heading\" data-id=\"ae4dfb1\" data-element_type=\"widget\" data-e-type=\"widget\" data-widget_type=\"heading.default\">\n\t\t\t\t<div class=\"elementor-widget-container\">\n\t\t\t\t\t<h1 class=\"elementor-heading-title elementor-size-default\">Pol\u00edtica de Cookies<\/h1>\t\t\t\t<\/div>\n\t\t\t\t<\/div>\n\t\t\t\t<\/div>\n\t\t<div class=\"elementor-element elementor-element-4c1b46d6 e-flex e-con-boxed e-con e-parent\" data-id=\"4c1b46d6\" data-element_type=\"container\" data-e-type=\"container\" data-settings=\"{&quot;background_background&quot;:&quot;classic&quot;}\">\n\t\t\t\t\t<div class=\"e-con-inner\">\n\t\t\t\t<div class=\"elementor-element elementor-element-11a295e9 custom-text elementor-widget elementor-widget-text-editor\" data-id=\"11a295e9\" data-element_type=\"widget\" data-e-type=\"widget\" data-widget_type=\"text-editor.default\">\n\t\t\t\t<div class=\"elementor-widget-container\">\n\t\t\t\t\t\t\t\t\t<p>De acordo com o disposto no Considerando 30 do Regulamento (UE) 2016\/679 do Parlamento Europeu e do Conselho, de 27 de abril de 2016, relativo \u00e0 prote\u00e7\u00e3o das pessoas singulares no que respeita ao tratamento de dados pessoais e \u00e0 livre circula\u00e7\u00e3o desses dados (RGPD), informamos que a empresa utiliza cookies com as finalidades que se detalham na presente Pol\u00edtica de Cookies.<\/p>\n<h2>O QUE S\u00c3O COOKIES?<\/h2>\n<p>Cookies s\u00e3o arquivos de texto que cont\u00eam pequenas quantidades de informa\u00e7\u00f5es que s\u00e3o baixadas para o seu computador ou dispositivo m\u00f3vel quando o Usu\u00e1rio visita um site. Os cookies s\u00e3o enviados de volta ao site original a cada visita subsequente, ou para outro site que os reconhece. Os cookies podem realizar diferentes fun\u00e7\u00f5es, como permitir navegar entre as p\u00e1ginas de forma eficiente, lembrando suas prefer\u00eancias e, de forma geral, melhorar a navega\u00e7\u00e3o do usu\u00e1rio.<\/p>\n<h2>COMO SE CLASSIFICAM OS COOKIES?<\/h2>\n<p>De acordo com diferentes crit\u00e9rios de classifica\u00e7\u00e3o, os cookies podem ser classificados nos seguintes tipos:<\/p>\n\n<strong>Segundo o emissor dos Cookies:<\/strong>\n<ul>\n  <li>Cookies pr\u00f3prios: S\u00e3o aqueles que s\u00e3o enviados para o terminal do usu\u00e1rio a partir de um equipamento ou dom\u00ednio gerido pelo pr\u00f3prio editor do site e a partir do qual o servi\u00e7o solicitado pelo usu\u00e1rio \u00e9 fornecido.<\/li>\n  <li>Cookies de terceiros: S\u00e3o aqueles que s\u00e3o enviados para o terminal do usu\u00e1rio a partir de um equipamento ou dom\u00ednio que n\u00e3o \u00e9 gerido pelo editor do site, mas por outra entidade que trata os dados obtidos atrav\u00e9s dos cookies.<\/li>\n<\/ul>\n<strong>Segundo o ciclo de vida dos Cookies:<\/strong>\n<ul>\n  <li>Cookies de sess\u00e3o: S\u00e3o cookies tempor\u00e1rios que permanecem no arquivo de cookies do seu navegador at\u00e9 que voc\u00ea saia do site, de modo que nenhum dado \u00e9 registrado no disco r\u00edgido do usu\u00e1rio. As informa\u00e7\u00f5es obtidas atrav\u00e9s desses cookies servem para analisar padr\u00f5es de tr\u00e1fego na web. Isso permite proporcionar uma melhor experi\u00eancia, melhorar o conte\u00fado e facilitar o uso.<\/li>\n  <li>Cookies permanentes: S\u00e3o armazenados no disco r\u00edgido e o site os l\u00ea toda vez que o usu\u00e1rio faz uma nova visita. Um cookie permanente tem uma data de expira\u00e7\u00e3o definida. O cookie deixar\u00e1 de funcionar ap\u00f3s essa data. S\u00e3o utilizados para facilitar servi\u00e7os de compra e registro.<\/li>\n<\/ul>\n<strong>Segundo a finalidade para a qual os Cookies s\u00e3o utilizados:<\/strong>\n<ul>\n  <li>Cookies t\u00e9cnicos: S\u00e3o aqueles que permitem ao usu\u00e1rio a navega\u00e7\u00e3o por um site, plataforma ou aplicativo e a utiliza\u00e7\u00e3o das diferentes op\u00e7\u00f5es ou servi\u00e7os presentes, como, por exemplo, controlar o tr\u00e1fego e a comunica\u00e7\u00e3o de dados, identificar a sess\u00e3o, acessar partes de acesso restrito, lembrar os itens que integram um pedido, realizar o processo de compra de um pedido, solicitar inscri\u00e7\u00e3o ou participa\u00e7\u00e3o em um evento, utilizar elementos de seguran\u00e7a durante a navega\u00e7\u00e3o, armazenar conte\u00fados para a transmiss\u00e3o de v\u00eddeos ou sons ou compartilhar conte\u00fados em redes sociais.<\/li>\n  <li>Cookies de personaliza\u00e7\u00e3o ou prefer\u00eancias: S\u00e3o aqueles que permitem ao usu\u00e1rio acessar o servi\u00e7o com algumas caracter\u00edsticas gerais predefinidas em fun\u00e7\u00e3o de uma s\u00e9rie de crit\u00e9rios no terminal do usu\u00e1rio, como, por exemplo, o idioma, o tipo de navegador com o qual acessa o servi\u00e7o, a configura\u00e7\u00e3o regional do qual o usu\u00e1rio acessa o servi\u00e7o, etc.<\/li>\n  <li>Cookies de an\u00e1lise: S\u00e3o aqueles que permitem ao respons\u00e1vel por essas, o acompanhamento e an\u00e1lise do comportamento dos usu\u00e1rios dos sites aos quais est\u00e3o vinculados. As informa\u00e7\u00f5es coletadas por esse tipo de cookies s\u00e3o utilizadas para medir a atividade dos sites, aplicativos ou plataformas e para a elabora\u00e7\u00e3o de perfis de navega\u00e7\u00e3o dos usu\u00e1rios desses sites, aplicativos e plataformas, a fim de realizar melhorias com base na an\u00e1lise dos dados de uso feitos pelos usu\u00e1rios do servi\u00e7o.<\/li>\n  <li>Cookies publicit\u00e1rios: S\u00e3o aqueles que permitem a gest\u00e3o dos espa\u00e7os publicit\u00e1rios que, se for o caso, o editor tenha inclu\u00eddo em uma p\u00e1gina, aplicativo ou plataforma a partir da qual o servi\u00e7o solicitado \u00e9 fornecido, com base em crit\u00e9rios como o conte\u00fado editado ou a frequ\u00eancia com que os an\u00fancios s\u00e3o exibidos.<\/li>\n  <li>Cookies de publicidade comportamental: S\u00e3o aqueles que permitem a gest\u00e3o dos espa\u00e7os publicit\u00e1rios que o editor tenha inclu\u00eddo em uma p\u00e1gina, aplicativo ou plataforma a partir da qual o servi\u00e7o solicitado \u00e9 fornecido. Esses cookies armazenam informa\u00e7\u00f5es sobre o comportamento dos usu\u00e1rios obtidas atrav\u00e9s da observa\u00e7\u00e3o cont\u00ednua de seus h\u00e1bitos de navega\u00e7\u00e3o, permitindo desenvolver um perfil espec\u00edfico para exibir publicidade com base nisso.<\/li>\n<\/ul>\n<p>Utilizamos <strong>Cookies t\u00e9cnicos<\/strong> que permitem ao usu\u00e1rio a navega\u00e7\u00e3o pelo site e a utiliza\u00e7\u00e3o das diferentes op\u00e7\u00f5es ou servi\u00e7os, incluindo aqueles que usamos para permitir a gest\u00e3o e opera\u00e7\u00e3o da p\u00e1gina web e habilitar suas fun\u00e7\u00f5es e servi\u00e7os, como, por exemplo, controlar o tr\u00e1fego e a comunica\u00e7\u00e3o de dados, identificar a sess\u00e3o ou acessar partes de acesso restrito.<\/p>\n\n<p>Al\u00e9m disso, utilizamos <strong>Cookies anal\u00edticos ou estat\u00edsticos<\/strong> com o objetivo de quantificar o n\u00famero de usu\u00e1rios e visitantes, realizando a medi\u00e7\u00e3o e an\u00e1lise estat\u00edstica do uso que os usu\u00e1rios fazem do servi\u00e7o oferecido por meio de nosso site. Para isso, analisamos sua navega\u00e7\u00e3o em nossa p\u00e1gina web para melhorar a oferta de produtos ou servi\u00e7os que oferecemos. No caso dos cookies do Google Analytics, essa empresa armazena os cookies em servidores localizados nos Estados Unidos e se compromete a n\u00e3o compartilh\u00e1-los com terceiros, exceto nos casos em que seja necess\u00e1rio para o funcionamento do sistema ou quando a lei exigir. Voc\u00ea pode consultar aqui as medidas adotadas por <a href=\"https:\/\/business.safety.google\/adsdatatransfers\/?sjid=13561737921736504952-EU\" target=\"_blank\" rel=\"noopener\">Pol\u00edtica sobre transfer\u00eancia internacional de dados do Google.<\/a> E no seguinte link, voc\u00ea pode acessar a <a href=\"https:\/\/policies.google.com\/privacy\" target=\"_blank\" rel=\"noopener\">Pol\u00edtica de Privacidade do Google.<\/a><\/p>\n\t\t\t\t\t\t\t\t<\/div>\n\t\t\t\t<\/div>\n\t\t\t\t<div class=\"elementor-element elementor-element-e5fba87 elementor-hidden-desktop elementor-hidden-tablet elementor-hidden-mobile elementor-widget elementor-widget-html\" data-id=\"e5fba87\" data-element_type=\"widget\" data-e-type=\"widget\" data-widget_type=\"html.default\">\n\t\t\t\t<div class=\"elementor-widget-container\">\n\t\t\t\t\t<style>.custom-text {\n    padding: 0px;\n    \/*color: var(--e-global-color-primary );*\/\n    \/*background-color: var(--e-global-color-b28e45f );\n    border-style: solid;\n    border-width: 1px 1px 1px 1px;\n    border-color: #014D943B;\n    border-radius: 0px 0px 0px 0px;*\/\n    font-size: 16px;\n    \/*background-color: white;\n    border:2px solid var(--e-global-color-accent);\n    border-radius: 10px!important;*\/\n    padding: 30px;\n  background-color: var(--e-global-color-d40d4ac);\n   background-color: var(--e-global-color-a1d3fce);\n   background-color: var(--e-global-color-82d23c6);\n   background-color: white;\n  border: 2px dotted var(--e-global-color-accent);\n   border: 2px solid var(--e-global-color-ed45eb6);\n   border: 2px solid var(--e-global-color-82d23c6);;\n   border: 2px solid var(--e-global-color-secondary);\n    border-radius: 10px;\n}\n.custom-text a{\n    color: var( --e-global-color-primary );\n    font-weight: 600;\n}\n\/*\n.custom-text ol {\n      margin-bottom:20px;\n      font-weight:500;\n}\n.custom-text ol li {\n      color: var( --e-global-color-primary );\n}\n*\/\n.custom-text h3,\n.custom-text h2{\n  color: var( --e-global-color-text );\n  font-weight: 500!important;\n  color: var( --e-global-color-accent );\n  color: var(--e-global-color-primary);\n  font-size: 24px;\n  line-height: 1.3em;\n  text-transform: uppercase;\n}\n\n.custom-text h3:not(:first-of-type),\n.custom-text h2:not(:first-of-type) {\n  margin-top: 30px;\n}\n.custom-text ol,\n.custom-text ul {\n  display: block;\n  padding-top: 20px;\n  padding-bottom: 10px;\n  padding-right: 20px;\n  padding-left: 40px;\n  flex-direction: row;\n  align-items: center;\n  font-weight: 500;\n  justify-content: start;\n  background: #F1F2F8;\n  background-color: var(--e-global-color-d40d4ac);\n   background-color: var(--e-global-color-a1d3fce);\n   background-color: var(--e-global-color-82d23c6);\n      background-color: var(--e-global-color-fbb2ff2);\n      background-color: var(--e-global-color-33beea4);\n   \/*background-color: white;*\/\n  border: 2px dotted var(--e-global-color-accent);\n   border: 2px solid var(--e-global-color-82d23c6);\n   border: 2px solid var(--e-global-color-secondary);\n   \/*border: 2px solid var(--e-global-color-ed45eb6);\n   border: 2px solid var(--e-global-color-82d23c6);*\/\n\/*background: linear-gradient(90deg, rgba(255,255,255,1) 0%, rgba(222,236,253,1) 100%);*\/\n  margin-top: 20px;\n  margin-bottom: 20px;\n  border-radius: 10px!important;\n}\n.custom-text ol li::marker,\n.custom-text ul li::marker{\n    color: var( --e-global-color-secondary );\n    color: var(--e-global-color-ed45eb6);\n}\n.custom-text ol li,\n.custom-text ul li {\n  font-size: 16px!important;\n  margin: 0;\n  list-style:none;\n  list-style-type: square;\n  padding: 0 .2em; \/* indentation + .5em *\/\n  line-height: 1.2em; \/* default list item's `line-height` *\/\n  margin-bottom: 1em;\n  position: relative;\n  \/*color: var( --e-global-color-primary );*\/\n}\n.custom-text ol li:before,\n.custom-text ul li:before {\n    content:\"\";\n    top:0;\n    left:-20px;\n    position: absolute;\n    display: flex;\n    height: 100%;\n    \/*border-left:3px solid var( --e-global-color-primary );*\/\n}\n\n<\/style>\t\t\t\t<\/div>\n\t\t\t\t<\/div>\n\t\t\t\t<div class=\"elementor-element elementor-element-14addd3b elementor-hidden-desktop elementor-hidden-tablet elementor-hidden-mobile elementor-widget elementor-widget-html\" data-id=\"14addd3b\" data-element_type=\"widget\" data-e-type=\"widget\" data-widget_type=\"html.default\">\n\t\t\t\t<div class=\"elementor-widget-container\">\n\t\t\t\t\t<style>table {\n      width: 100%;\n      border-collapse: collapse;\n      margin: 20px 0;\n      font-size: 13px;\n      font-family: Arial, sans-serif;\n      background-color: var(--e-global-color-351fcf3);\n      border-radius: 8px;\n      overflow: hidden;\n  }\n\n  thead {\n      background-color: var(--e-global-color-primary);\n      color: #ffffff;\n  }\n\n  thead th {\n      padding: 15px 20px;\n      text-transform: uppercase;\n      font-weight: bold;\n      text-align: center; \/* Centrar el texto en la cabecera *\/\n      white-space: nowrap; \/* Evita que el texto se divida en varias l\u00edneas *\/\n      overflow: hidden;\n      text-overflow: ellipsis; \/* Muestra \"...\" si el texto es demasiado largo *\/\n  }\n\n  tbody tr {\n      border-bottom: 1px solid var(--e-global-color-49608b4);\n      background-color: transparent; \/* Fondo transparente por defecto *\/\n  }\n\n  tbody tr:nth-of-type(even) {\n      background-color: var(--e-global-color-351fcf3);\n  }\n\n  tbody tr:hover {\n      cursor: pointer;\n  }\n\n  tbody td {\n      padding: 12px 15px;\n      text-align: center; \/* Centrar contenido en las celdas *\/\n  }\n\n  tbody td:first-child {\n      font-weight: bold; \/* Resalta la primera columna *\/\n  }\n\n  a.external-link {\n      color: var(--e-global-color-secondary);\n      text-decoration: none;\n  }\n\n  a.external-link:hover {\n      text-decoration: underline;\n  }\n<\/style>\t\t\t\t<\/div>\n\t\t\t\t<\/div>\n\t\t\t\t\t<\/div>\n\t\t\t\t<\/div>\n\t\t<div class=\"elementor-element elementor-element-8aadb72 e-flex e-con-boxed e-con e-parent\" data-id=\"8aadb72\" data-element_type=\"container\" data-e-type=\"container\" data-settings=\"{&quot;background_background&quot;:&quot;classic&quot;}\">\n\t\t\t\t\t<div class=\"e-con-inner\">\n\t\t\t\t\t<\/div>\n\t\t\t\t<\/div>\n\t\t\t\t<\/div>\n\t\t","protected":false},"excerpt":{"rendered":"<p>De acordo com o disposto no Considerando 30 do Regulamento (UE) 2016\/679 do Parlamento Europeu e do Conselho, de 27 de abril de 2016, relativo \u00e0 prote\u00e7\u00e3o das pessoas singulares no que respeita ao tratamento de dados pessoais e \u00e0 livre circula\u00e7\u00e3o desses dados (RGPD), informamos que a empresa utiliza cookies com as finalidades que [&hellip;]<\/p>\n","protected":false},"author":4,"featured_media":0,"parent":0,"menu_order":0,"comment_status":"closed","ping_status":"closed","template":"","meta":{"footnotes":""},"class_list":["post-2755","page","type-page","status-publish","hentry"],"_links":{"self":[{"href":"https:\/\/popup.es-factory.eu\/pt-pt\/wp-json\/wp\/v2\/pages\/2755","targetHints":{"allow":["GET"]}}],"collection":[{"href":"https:\/\/popup.es-factory.eu\/pt-pt\/wp-json\/wp\/v2\/pages"}],"about":[{"href":"https:\/\/popup.es-factory.eu\/pt-pt\/wp-json\/wp\/v2\/types\/page"}],"author":[{"embeddable":true,"href":"https:\/\/popup.es-factory.eu\/pt-pt\/wp-json\/wp\/v2\/users\/4"}],"replies":[{"embeddable":true,"href":"https:\/\/popup.es-factory.eu\/pt-pt\/wp-json\/wp\/v2\/comments?post=2755"}],"version-history":[{"count":0,"href":"https:\/\/popup.es-factory.eu\/pt-pt\/wp-json\/wp\/v2\/pages\/2755\/revisions"}],"wp:attachment":[{"href":"https:\/\/popup.es-factory.eu\/pt-pt\/wp-json\/wp\/v2\/media?parent=2755"}],"curies":[{"name":"wp","href":"https:\/\/api.w.org\/{rel}","templated":true}]}}